{"id":2205,"date":"2024-03-15T16:34:39","date_gmt":"2024-03-15T21:34:39","guid":{"rendered":"https:\/\/bicishop.com.ec\/appweb\/?post_type=product&#038;p=2205"},"modified":"2024-03-15T16:34:40","modified_gmt":"2024-03-15T21:34:40","slug":"bicicleta-gw-jackal-29","status":"publish","type":"product","link":"http:\/\/bicishop.com.ec\/appweb\/producto\/bicicleta-gw-jackal-29\/","title":{"rendered":"BICICLETA GW JACKAL 29"},"content":{"rendered":"<p>BICICLETA GW JACKAL 29 ALUMINIO<\/p>\n<p>ESPECIFICACIONES<\/p>\n<p>CUADRO GW JACKAL ALUMINIO RIN 29<\/p>\n<p>SUSPENSI\u00d3N GW BLOQUEO TIMON CON REGULACI\u00d3N<\/p>\n<p>TRANSMISI\u00d3N SRIDE 1X12V<\/p>\n<p>FRENOS HIDRAULICOS SHIMANO MT 200<\/p>\n<p>AROS GW 29 ALUMINIO<\/p>\n<p>LLANTAS CHAOYANG 29 ZIPPERING<\/p>\n<p>ACCESORIOS GW ALUMINIO<\/p>\n<p>&nbsp;<\/p>\n","protected":false},"excerpt":{"rendered":"<p>BICICLETA GW JACKAL 29 ALUMINIO ESPECIFICACIONES CUADRO GW JACKAL ALUMINIO RIN 29 SUSPENSI\u00d3N GW BLOQUEO TIMON CON REGULACI\u00d3N TRANSMISI\u00d3N SRIDE&hellip;<\/p>\n","protected":false},"featured_media":2206,"comment_status":"open","ping_status":"closed","template":"","meta":{"jetpack_post_was_ever_published":false,"jetpack_publicize_message":"","jetpack_publicize_feature_enabled":true,"jetpack_social_post_already_shared":true,"jetpack_social_options":{"image_generator_settings":{"template":"highway","enabled":false}}},"product_cat":[100],"product_tag":[],"jetpack_publicize_connections":[],"jetpack_sharing_enabled":true,"_links":{"self":[{"href":"http:\/\/bicishop.com.ec\/appweb\/wp-json\/wp\/v2\/product\/2205"}],"collection":[{"href":"http:\/\/bicishop.com.ec\/appweb\/wp-json\/wp\/v2\/product"}],"about":[{"href":"http:\/\/bicishop.com.ec\/appweb\/wp-json\/wp\/v2\/types\/product"}],"replies":[{"embeddable":true,"href":"http:\/\/bicishop.com.ec\/appweb\/wp-json\/wp\/v2\/comments?post=2205"}],"wp:featuredmedia":[{"embeddable":true,"href":"http:\/\/bicishop.com.ec\/appweb\/wp-json\/wp\/v2\/media\/2206"}],"wp:attachment":[{"href":"http:\/\/bicishop.com.ec\/appweb\/wp-json\/wp\/v2\/media?parent=2205"}],"wp:term":[{"taxonomy":"product_cat","embeddable":true,"href":"http:\/\/bicishop.com.ec\/appweb\/wp-json\/wp\/v2\/product_cat?post=2205"},{"taxonomy":"product_tag","embeddable":true,"href":"http:\/\/bicishop.com.ec\/appweb\/wp-json\/wp\/v2\/product_tag?post=2205"}],"curies":[{"name":"wp","href":"https:\/\/api.w.org\/{rel}","templated":true}]}}