{"id":804,"date":"2015-09-17T22:15:34","date_gmt":"2015-09-18T03:15:34","guid":{"rendered":"http:\/\/bicishop.com.ec\/appweb\/?page_id=804"},"modified":"2019-08-23T07:33:45","modified_gmt":"2019-08-23T12:33:45","slug":"inscripcion","status":"publish","type":"page","link":"http:\/\/bicishop.com.ec\/appweb\/nuestras-carreras\/vuelta-a-ibarra\/inscripcion\/","title":{"rendered":"Inscripci\u00f3n"},"content":{"rendered":"\t\t<div data-elementor-type=\"wp-post\" data-elementor-id=\"804\" class=\"elementor elementor-804\">\n\t\t\t\t\t\t<section class=\"elementor-section elementor-top-section elementor-element elementor-element-6787da4d elementor-section-boxed elementor-section-height-default elementor-section-height-default\" data-id=\"6787da4d\" data-element_type=\"section\">\n\t\t\t\t\t\t<div class=\"elementor-container elementor-column-gap-default\">\n\t\t\t\t\t<div class=\"elementor-column elementor-col-100 elementor-top-column elementor-element elementor-element-15dc3fe0\" data-id=\"15dc3fe0\" data-element_type=\"column\">\n\t\t\t<div class=\"elementor-widget-wrap elementor-element-populated\">\n\t\t\t\t\t\t<div class=\"elementor-element elementor-element-2d5ee86c elementor-widget elementor-widget-text-editor\" data-id=\"2d5ee86c\" data-element_type=\"widget\" data-widget_type=\"text-editor.default\">\n\t\t\t\t<div class=\"elementor-widget-container\">\n\t\t\t<style>\/*! elementor - v3.19.0 - 07-02-2024 *\/\n.elementor-widget-text-editor.elementor-drop-cap-view-stacked .elementor-drop-cap{background-color:#69727d;color:#fff}.elementor-widget-text-editor.elementor-drop-cap-view-framed .elementor-drop-cap{color:#69727d;border:3px solid;background-color:transparent}.elementor-widget-text-editor:not(.elementor-drop-cap-view-default) .elementor-drop-cap{margin-top:8px}.elementor-widget-text-editor:not(.elementor-drop-cap-view-default) .elementor-drop-cap-letter{width:1em;height:1em}.elementor-widget-text-editor .elementor-drop-cap{float:left;text-align:center;line-height:1;font-size:50px}.elementor-widget-text-editor .elementor-drop-cap-letter{display:inline-block}<\/style>\t\t\t\t<h4 style=\"text-align: center;\"><span style=\"color: #000000;\"><strong>Inscr\u00edbete aqu\u00ed<\/strong><\/span><\/h4><h4><span style=\"color: #000000;\">Informaci\u00f3n de Inscripciones<\/span><\/h4><p><!-- hecho por Javier Velasquez --><span style=\"color: #000000;\">El proceso de inscripci\u00f3n para todo evento Bicishop lo encontrar\u00e1s aqui:<\/span><\/p><p><!-- Button trigger modal --><br \/><button class=\"btn btn-danger\" type=\"button\" data-toggle=\"modal\" data-target=\"#exampleModal\"><br \/>Registro e inscripci\u00f3n<br \/><\/button><\/p><p><!-- Modal --><\/p><div id=\"exampleModal\" class=\"modal fade\" tabindex=\"-1\" role=\"dialog\" aria-labelledby=\"exampleModalLabel\" aria-hidden=\"true\"><div id=\"mdialTamanio\" class=\"modal-dialog\" style=\"width: 94%; height: 94%; margin-top: 1%; margin-left: 4%;\" role=\"document\"><div class=\"modal-content\" style=\"width: 100%!important; height: 100%; border: #990000 1px none;\"><div class=\"modal-header\"><p><button class=\"close\" type=\"button\" data-dismiss=\"modal\" aria-label=\"Close\"><span aria-hidden=\"true\">\u00d7<\/span><\/button><\/p><h4 id=\"myModalLabel\" class=\"modal-title\" style=\"color: #990000;\">Registro e inscripci\u00f3n BiciShop&#8230;<\/h4><\/div><div class=\"modal-body\"><object id=\"iframeMonitor\" style=\"position: fixed; width: 98%!important; height: 80%; border: #990000 1px none;\" data=\"http:\/\/186.42.174.236\/bicishopIbarra\/\" width=\"300\" height=\"150\"><\/object><\/div><div class=\"modal-footer\"><button class=\"btn btn-danger\" type=\"button\" data-dismiss=\"modal\">Cerrar<\/button><\/div><\/div><\/div><\/div><p><span style=\"color: #ff0000;\">Deber\u00e1n crear una nueva cuenta los participantes que no se encuentren registrados en el sistema Bicishop <br \/><\/span><\/p><h5><span style=\"color: #000000;\">Los participantes nacionales o extranjeros pueden realizar el pago mediante <a href=\"https:\/\/www.paypal.com\/paypalme2\/bicishopjosesalgado\"><span style=\"color: #3366ff;\">https:\/\/www.paypal.com\/paypalme2\/bicishopjosesalgado<\/span><\/a> y el c\u00f3digo ingresarlo en el campo &#8220;Dep\u00f3sito&#8221; en la preinscripci\u00f3n\u00a0 del sitio oficial del evento.<\/span><\/h5><hr \/><h4><span style=\"color: #000000;\"><strong>Inscripci\u00f3n en el sitio web Bicishop:<\/strong><\/span><\/h4><ol><li><span style=\"color: #000000;\">Debes registrarte en nuestra p\u00e1gina<br \/><\/span><\/li><li><span style=\"color: #000000;\">Debes Preinscribirte a cualquiera de los eventos<br \/><\/span><\/li><li><span style=\"color: #000000;\">Seleccionar la modalidad a la que desea Inscribirse, ingresando el n\u00famero de transacci\u00f3n o dep\u00f3sito.<\/span><\/li><li><span style=\"color: #000000;\">Recibir mail de confirmaci\u00f3n \/ Verificar listado de participantes confirmados.<\/span><\/li><\/ol><p><!-- hecho por Javier Velasquez --><\/p><h4><span style=\"color: #000000;\"><strong>Inscripci\u00f3n en tiendas:<\/strong><\/span><\/h4><ol style=\"text-align: justify;\"><li><span style=\"color: #000000;\">Ingresar datos de inscripci\u00f3n en tiendas: Bicishop (Ibarra) o en &#8220;Specialized&#8221; (Quito).<br \/><\/span><\/li><li><span style=\"color: #000000;\">Realizar el pago en efectivo cheque o tarjeta de cr\u00e9dito (Valores de Inscripci\u00f3n Incluyen IVA).<\/span><\/li><li><span style=\"color: #000000;\">Recibir mail de confirmaci\u00f3n \/ Verificar listado de participantes confirmados.<\/span><\/li><li><span style=\"color: #000000;\">Retirar el kit en las fechas se\u00f1aladas con el formulario de descargo firmado.<\/span><\/li><\/ol><ol style=\"text-align: justify;\"><li>\u00a0<\/li><\/ol><p style=\"text-align: justify;\"><span style=\"color: #000000;\"><strong>Legalizaci\u00f3n de la inscripci\u00f3n:<\/strong><\/span><\/p><ul style=\"text-align: justify;\"><li style=\"text-align: justify;\"><span style=\"color: #000000;\">El pago en efectivo, el comprobante de dep\u00f3sito o transferencia bancaria son los \u00fanicos documentos que validan su inscripci\u00f3n.<\/span><\/li><li style=\"text-align: justify;\"><span style=\"color: #000000;\">Las inscripciones son hasta el <strong>martes 24 de septiembre<\/strong>.<\/span><\/li><li style=\"text-align: justify;\"><span style=\"color: #000000;\">El valor de la inscripci\u00f3n incluye: seguro de accidentes durante la prueba, placa con n\u00famero de participaci\u00f3n, Jersey oficial del evento a los 150 primeros inscritos o camiseta conmemorativa, atenci\u00f3n en dos puntos de hidrataci\u00f3n con agua, frutas e hidratante , refrigerio despu\u00e9s de la carrera, medalla del evento, cronometraje del evento con jueces UCI.<\/span><\/li><\/ul><p style=\"text-align: justify;\"><span style=\"color: #000000;\"><strong>Las formas de pago pueden ser:<\/strong><\/span><\/p><ul style=\"text-align: justify;\"><li><strong><span style=\"color: #000000;\">Pago presencial en efectivo en:<\/span><\/strong><\/li><\/ul><p style=\"text-align: justify;\"><span style=\"color: #000000;\"><u>IBARRA<\/u>: BICISHOP.- Pedro Rafael Rosales 1-41 y Juan de dios Navas diagonal a la estaci\u00f3n de servicios flota Imbabura en la ciudad de Ibarra a \u00bd cuadra de TV NORTE. O por v\u00eda telef\u00f3nica 062 952-522 Celular 0994106969 \/ 0997139247<br \/><\/span><\/p><p style=\"text-align: justify;\"><span style=\"color: #000000;\">\u00a0 email: <strong>[<span style=\"color: #ff0000;\">info@bicishop.com.ec<\/span>\u00a0]<\/strong><\/span><\/p><p style=\"text-align: justify;\"><span style=\"color: #000000;\"><u>QUITO<\/u>: Tienda Specialized Quito 0987208946 Direcci\u00f3n: Gualguiltagua N36-68 y Diego Noboa\u00a0 \/ Contacto: <strong>Edwin Arroyo<\/strong>.<br \/><\/span><\/p><ul style=\"text-align: justify;\"><li style=\"text-align: left;\"><span style=\"color: #000000;\"><strong>Pago con Transferencia bancaria o dep\u00f3sito en<\/strong>:<\/span><br \/><strong><span style=\"color: #000000;\"> Banco Produbanco<\/span><\/strong><br \/><span style=\"color: #000000;\"> Cuenta Corriente\u00a0# 01030476014<\/span><br \/><span style=\"color: #000000;\"> A nombre de: ANITA LOZA<\/span><br \/><span style=\"color: #000000;\"> RUC: 1001927100<\/span><\/li><\/ul><p style=\"padding-left: 40px;\"><strong><span style=\"color: #000000;\">\u00a0 Banco Pichincha<\/span><\/strong><br \/><span style=\"color: #000000;\">\u00a0 Cuenta Ahorros # 2204204600<\/span><br \/><span style=\"color: #000000;\">\u00a0 A nombre de: ANITA LOZA<\/span><br \/><span style=\"color: #000000;\">\u00a0 RUC: 1001927100<\/span><\/p><ul style=\"text-align: justify;\"><li><span style=\"color: #000000;\">Una vez que haya completado este proceso y se haya recibido el pago y el formulario tu nombre aparecer\u00e1 en la lista de inscritos confirmados\u00a0la cual se publicar\u00e1 una vez finalizadas las inscripciones.<\/span><\/li><li><span style=\"color: #000000;\">Es obligaci\u00f3n de cada competidor cumplir con la inscripci\u00f3n de manera anticipada, garantizando el registro de sus datos y categor\u00eda\u00a0correspondiente.<\/span><\/li><\/ul><p style=\"text-align: justify;\"><span style=\"color: #000000;\">Los menores de edad deber\u00e1n\u00a0 presentar \u00a0una autorizaci\u00f3n de sus padres o representante legal adjuntando una copia de la c\u00e9dula de identidad. Todos firmar\u00e1n un formulario en el cual cada competidor deslinda de responsabilidades a la organizaci\u00f3n en caso de da\u00f1o, p\u00e9rdida o robo\u00a0 de la bicicleta y accidentes durante la competencia; adem\u00e1s \u00a0declara conocer el reglamento particular de la prueba y no podr\u00e1 aducir o alegar en ning\u00fan momento su desconocimiento.<\/span><\/p>\t\t\t\t\t\t<\/div>\n\t\t\t\t<\/div>\n\t\t\t\t\t<\/div>\n\t\t<\/div>\n\t\t\t\t\t<\/div>\n\t\t<\/section>\n\t\t\t\t<\/div>\n\t\t","protected":false},"excerpt":{"rendered":"<p>Inscr\u00edbete aqu\u00ed Informaci\u00f3n de Inscripciones El proceso de inscripci\u00f3n para todo evento Bicishop lo encontrar\u00e1s aqui: Registro e inscripci\u00f3n \u00d7&hellip;<\/p>\n","protected":false},"author":2,"featured_media":0,"parent":800,"menu_order":2,"comment_status":"closed","ping_status":"closed","template":"","meta":{"jetpack_post_was_ever_published":false,"footnotes":""},"jetpack_sharing_enabled":true,"jetpack_shortlink":"https:\/\/wp.me\/P6NO28-cY","_links":{"self":[{"href":"http:\/\/bicishop.com.ec\/appweb\/wp-json\/wp\/v2\/pages\/804"}],"collection":[{"href":"http:\/\/bicishop.com.ec\/appweb\/wp-json\/wp\/v2\/pages"}],"about":[{"href":"http:\/\/bicishop.com.ec\/appweb\/wp-json\/wp\/v2\/types\/page"}],"author":[{"embeddable":true,"href":"http:\/\/bicishop.com.ec\/appweb\/wp-json\/wp\/v2\/users\/2"}],"replies":[{"embeddable":true,"href":"http:\/\/bicishop.com.ec\/appweb\/wp-json\/wp\/v2\/comments?post=804"}],"version-history":[{"count":84,"href":"http:\/\/bicishop.com.ec\/appweb\/wp-json\/wp\/v2\/pages\/804\/revisions"}],"predecessor-version":[{"id":1937,"href":"http:\/\/bicishop.com.ec\/appweb\/wp-json\/wp\/v2\/pages\/804\/revisions\/1937"}],"up":[{"embeddable":true,"href":"http:\/\/bicishop.com.ec\/appweb\/wp-json\/wp\/v2\/pages\/800"}],"wp:attachment":[{"href":"http:\/\/bicishop.com.ec\/appweb\/wp-json\/wp\/v2\/media?parent=804"}],"curies":[{"name":"wp","href":"https:\/\/api.w.org\/{rel}","templated":true}]}}